{"id":7443,"date":"2025-08-14T11:17:27","date_gmt":"2025-08-14T11:17:27","guid":{"rendered":"https:\/\/ndw-group.com\/?post_type=product&#038;p=7443"},"modified":"2025-11-27T13:15:56","modified_gmt":"2025-11-27T13:15:56","slug":"type-42","status":"publish","type":"product","link":"https:\/\/ndw-group.com\/nl\/product\/type-42\/","title":{"rendered":"Type 42"},"content":{"rendered":"\t\t<div data-elementor-type=\"wp-post\" data-elementor-id=\"7443\" class=\"elementor elementor-7443\" data-elementor-post-type=\"product\">\n\t\t\t\t<div class=\"elementor-element elementor-element-7cbae2b4 e-flex e-con-boxed e-con e-parent\" data-id=\"7cbae2b4\" data-element_type=\"container\" data-e-type=\"container\" data-settings=\"{&quot;background_background&quot;:&quot;gradient&quot;}\">\n\t\t\t\t\t<div class=\"e-con-inner\">\n\t\t<div class=\"elementor-element elementor-element-44cdb8aa e-con-full topblock e-flex e-con e-child\" data-id=\"44cdb8aa\" data-element_type=\"container\" data-e-type=\"container\" data-settings=\"{&quot;background_background&quot;:&quot;classic&quot;}\">\n\t\t<div class=\"elementor-element elementor-element-f7da94d e-con-full e-flex e-con e-child\" data-id=\"f7da94d\" data-element_type=\"container\" data-e-type=\"container\">\n\t\t<div class=\"elementor-element elementor-element-790af84 e-con-full e-flex e-con e-child\" data-id=\"790af84\" data-element_type=\"container\" data-e-type=\"container\">\n\t\t\t\t<div class=\"elementor-element elementor-element-e956d4c elementor-widget elementor-widget-heading\" data-id=\"e956d4c\" data-element_type=\"widget\" data-e-type=\"widget\" data-widget_type=\"heading.default\">\n\t\t\t\t<div class=\"elementor-widget-container\">\n\t\t\t\t\t<h3 class=\"elementor-heading-title elementor-size-default\">Type 42<\/h3>\t\t\t\t<\/div>\n\t\t\t\t<\/div>\n\t\t\t\t<div class=\"elementor-element elementor-element-54bcb98 elementor-widget elementor-widget-text-editor\" data-id=\"54bcb98\" data-element_type=\"widget\" data-e-type=\"widget\" data-widget_type=\"text-editor.default\">\n\t\t\t\t<div class=\"elementor-widget-container\">\n\t\t\t\t\t\t\t\t\t<p>Draagrol met ingelaste, speciaal gedraaide stalen lagerpotten, voorzien van een groefkogellager. Geschikt om zeer zware producten op een bandtransporteur of aangedreven rollenbaan in een stoffige ruimte te transporteren.<\/p>\t\t\t\t\t\t\t\t<\/div>\n\t\t\t\t<\/div>\n\t\t\t\t<\/div>\n\t\t\t\t<div class=\"elementor-element elementor-element-33276f1 elementor-widget elementor-widget-image\" data-id=\"33276f1\" data-element_type=\"widget\" data-e-type=\"widget\" data-widget_type=\"image.default\">\n\t\t\t\t<div class=\"elementor-widget-container\">\n\t\t\t\t\t\t\t\t\t\t\t\t\t\t\t<img fetchpriority=\"high\" decoding=\"async\" width=\"531\" height=\"792\" src=\"https:\/\/ndw-group.com\/wp-content\/uploads\/2025\/11\/Tekening-kop-wit-40.png\" class=\"attachment-large size-large wp-image-8871\" alt=\"\" srcset=\"https:\/\/ndw-group.com\/wp-content\/uploads\/2025\/11\/Tekening-kop-wit-40.png 531w, https:\/\/ndw-group.com\/wp-content\/uploads\/2025\/11\/Tekening-kop-wit-40-201x300.png 201w\" sizes=\"(max-width: 531px) 100vw, 531px\" \/>\t\t\t\t\t\t\t\t\t\t\t\t\t\t\t<\/div>\n\t\t\t\t<\/div>\n\t\t\t\t<\/div>\n\t\t\t\t<div class=\"elementor-element elementor-element-ff09c16 elementor-widget elementor-widget-html\" data-id=\"ff09c16\" data-element_type=\"widget\" data-e-type=\"widget\" id=\"white\" data-widget_type=\"html.default\">\n\t\t\t\t<div class=\"elementor-widget-container\">\n\t\t\t\t\t<table>\n    <tr>\n        <td>Materiaal<\/td>\n        <td>Staal<\/td>\n    <\/tr>\n    <tr>\n        <td>Aandrijving<\/td>\n        <td>6202 - ... - 6306<\/td>\n    <\/tr>\n    <tr>\n        <td>Max gewicht<\/td>\n        <td>300 KG<\/td>\n    <\/tr>\n    <tr>\n        <td>Geschikt voor vochtige omgevingen<\/td>\n        <td>Nee<\/td>\n    <\/tr>\n    <tr>\n        <td>Geschikt voor stoffige omgevingen<\/td>\n        <td>Ja<\/td>\n    <\/tr>\n    <tr>\n        <td>Kleur<\/td>\n        <td>Staal<\/td>\n    <\/tr>\n<\/table>\t\t\t\t<\/div>\n\t\t\t\t<\/div>\n\t\t\t\t<div class=\"elementor-element elementor-element-fd74b52 elementor-align-right elementor-mobile-align-left elementor-hidden-desktop elementor-hidden-laptop elementor-hidden-tablet elementor-hidden-mobile elementor-widget elementor-widget-button\" data-id=\"fd74b52\" data-element_type=\"widget\" data-e-type=\"widget\" data-widget_type=\"button.default\">\n\t\t\t\t<div class=\"elementor-widget-container\">\n\t\t\t\t\t\t\t\t\t<div class=\"elementor-button-wrapper\">\n\t\t\t\t\t<a class=\"elementor-button elementor-size-sm\" role=\"button\">\n\t\t\t\t\t\t<span class=\"elementor-button-content-wrapper\">\n\t\t\t\t\t\t\t\t\t<span class=\"elementor-button-text\">Read more<\/span>\n\t\t\t\t\t<\/span>\n\t\t\t\t\t<\/a>\n\t\t\t\t<\/div>\n\t\t\t\t\t\t\t\t<\/div>\n\t\t\t\t<\/div>\n\t\t\t\t<\/div>\n\t\t<div class=\"elementor-element elementor-element-660c900b e-con-full height e-flex e-con e-child\" data-id=\"660c900b\" data-element_type=\"container\" data-e-type=\"container\" data-settings=\"{&quot;background_background&quot;:&quot;classic&quot;}\">\n\t\t\t\t<\/div>\n\t\t<div class=\"elementor-element elementor-element-2a4582f4 e-con-full e-flex e-con e-child\" data-id=\"2a4582f4\" data-element_type=\"container\" data-e-type=\"container\">\n\t\t<div class=\"elementor-element elementor-element-387f6696 e-con-full moveup e-flex e-con e-child\" data-id=\"387f6696\" data-element_type=\"container\" data-e-type=\"container\" data-settings=\"{&quot;background_background&quot;:&quot;classic&quot;}\">\n\t\t\t\t<div class=\"elementor-element elementor-element-5dbcc331 elementor-widget elementor-widget-heading\" data-id=\"5dbcc331\" data-element_type=\"widget\" data-e-type=\"widget\" data-widget_type=\"heading.default\">\n\t\t\t\t<div class=\"elementor-widget-container\">\n\t\t\t\t\t<h3 class=\"elementor-heading-title elementor-size-default\">specifications<\/h3>\t\t\t\t<\/div>\n\t\t\t\t<\/div>\n\t\t\t\t<div class=\"elementor-element elementor-element-07ba9d0 elementor-widget elementor-widget-html\" data-id=\"07ba9d0\" data-element_type=\"widget\" data-e-type=\"widget\" data-widget_type=\"html.default\">\n\t\t\t\t<div class=\"elementor-widget-container\">\n\t\t\t\t\t<table>\n    <tr>\n        <p><b>Spindelstaal\/RVS<\/b><\/p>\n    <\/tr>\n    <tr>\n        <td>\u00d8 15<\/td>\n        <td>M 8 x 15 <span style=\"float: right;\">Inwendige draad (M)<\/span><br>sw 12 x 10 <span style=\"float: right;\">Sleutelvlakken<\/span><br>\u00d8 15 x 10 <span style=\"float: right;\">Gladde as<\/span><br> met BD M 14 x 20<span style=\"float: right;\">Getrapte as<\/span><\/td>\n    <\/tr>\n    <tr>\n        <td>\u00d8 17<\/td>\n        <td>M 10 x 15 <span style=\"float: right;\">Inwendige draad (M)<\/span><br>sw 14 x 10 <span style=\"float: right;\">Sleutelvlakken<\/span><br>\u00d8 17 x 12 <span style=\"float: right;\">Gladde as<\/span><br> met BD M 16 x 20<span style=\"float: right;\">Getrapte as<\/span><\/td>\n    <\/tr>\n    <tr>\n        <td>\u00d8 20<\/td>\n        <td>M 10 x 15 <span style=\"float: right;\">Inwendige draad (M)<\/span><br>sw 15 x 10 <span style=\"float: right;\">Sleutelvlakken<\/span><br>\u00d8 20 x 12 <span style=\"float: right;\">Gladde as<\/span><br> M 20 x 25 <span style=\"float: right;\">Buitendraad<\/span><br> met BD M 16 x 20<span style=\"float: right;\">Getrapte as<\/span><\/td>\n    <\/tr>\n    <tr>\n        <td>\u00d8 25<\/td>\n        <td>M 12 x 20 <span style=\"float: right;\">Inwendige draad (M)<\/span><br>sw 18 x 10 <span style=\"float: right;\">Sleutelvlakken<\/span><br>\u00d8 25 x 20 <span style=\"float: right;\">Gladde as<\/span><br> met BD M 20 x 25<span style=\"float: right;\">Getrapte as<\/span><\/td>\n    <\/tr>\n    <tr>\n        <td>\u00d8 30<\/td>\n        <td>M 16 x 20 <span style=\"float: right;\">Inwendige draad (M)<\/span><br>sw 22 x 10 <span style=\"float: right;\">Sleutelvlakken<\/span><br>\u00d8 30 x 25 <span style=\"float: right;\">Gladde as<\/span><br> met BD M 20 x 25<span style=\"float: right;\">Getrapte as<\/span><\/td>\n    <\/tr>\n<\/table>\n\n\n<table>\n    <tr>\n        <p><b>Buis<\/b><\/p>\n    <\/tr>\n    <tr>\n        <td>Staal verzinkt<\/td>\n        <td>\u00d8 60 x 2.0<br>\u00d8 63.5 x 2.9 <br> \u00d8 80 x 2.0<br> \u00d8 82.5 x 3.2<br>\u00d8 88.9 x 3.2<br>\u00d8 108 x 3.6<br>\u00d8 133 x 4.0<br>\u00d8 159 x 4.5<\/td>\n    <\/tr>\n    <tr>\n        <td>RVS<\/td>\n        <td>\u00d8 60 x 2.0<br>\u00d8 80 x 2.0<br> \u00d8 88.9 x 3.2<\/td>\n    <\/tr>\n    <tr>\n        <td>PVC 5005<\/td>\n        <td><\/td>\n    <\/tr>\n    <tr>\n        <td>PVC 7011<\/td>\n        <td><\/td>\n    <\/tr>\n<\/table>\t\t\t\t<\/div>\n\t\t\t\t<\/div>\n\t\t\t\t<div class=\"elementor-element elementor-element-31444a1a elementor-align-left elementor-hidden-desktop elementor-hidden-laptop elementor-hidden-tablet elementor-hidden-mobile elementor-widget elementor-widget-button\" data-id=\"31444a1a\" data-element_type=\"widget\" data-e-type=\"widget\" data-widget_type=\"button.default\">\n\t\t\t\t<div class=\"elementor-widget-container\">\n\t\t\t\t\t\t\t\t\t<div class=\"elementor-button-wrapper\">\n\t\t\t\t\t<a class=\"elementor-button elementor-size-sm\" role=\"button\">\n\t\t\t\t\t\t<span class=\"elementor-button-content-wrapper\">\n\t\t\t\t\t\t\t\t\t<span class=\"elementor-button-text\">Read more<\/span>\n\t\t\t\t\t<\/span>\n\t\t\t\t\t<\/a>\n\t\t\t\t<\/div>\n\t\t\t\t\t\t\t\t<\/div>\n\t\t\t\t<\/div>\n\t\t\t\t<\/div>\n\t\t<div class=\"elementor-element elementor-element-2e7be622 e-con-full e-flex e-con e-child\" data-id=\"2e7be622\" data-element_type=\"container\" data-e-type=\"container\">\n\t\t\t\t<div class=\"elementor-element elementor-element-798fdbc0 elementor-hidden-mobile elementor-widget elementor-widget-heading\" data-id=\"798fdbc0\" data-element_type=\"widget\" data-e-type=\"widget\" data-widget_type=\"heading.default\">\n\t\t\t\t<div class=\"elementor-widget-container\">\n\t\t\t\t\t<h3 class=\"elementor-heading-title elementor-size-default\">Elevate Your Business with <br>NDW Group<\/h3>\t\t\t\t<\/div>\n\t\t\t\t<\/div>\n\t\t\t\t<div class=\"elementor-element elementor-element-2d80629c elementor-widget__width-initial elementor-hidden-mobile elementor-widget elementor-widget-spacer\" data-id=\"2d80629c\" data-element_type=\"widget\" data-e-type=\"widget\" data-widget_type=\"spacer.default\">\n\t\t\t\t<div class=\"elementor-widget-container\">\n\t\t\t\t\t\t\t<div class=\"elementor-spacer\">\n\t\t\t<div class=\"elementor-spacer-inner\"><\/div>\n\t\t<\/div>\n\t\t\t\t\t\t<\/div>\n\t\t\t\t<\/div>\n\t\t\t\t<\/div>\n\t\t\t\t<\/div>\n\t\t\t\t\t<\/div>\n\t\t\t\t<\/div>\n\t\t\t\t<\/div>\n\t\t","protected":false},"featured_media":7452,"template":"","meta":{"_acf_changed":false},"categories":[101],"class_list":["post-7443","product","type-product","status-publish","has-post-thumbnail","hentry","category-idler-rollers-nl"],"acf":[],"_links":{"self":[{"href":"https:\/\/ndw-group.com\/nl\/wp-json\/wp\/v2\/product\/7443","targetHints":{"allow":["GET"]}}],"collection":[{"href":"https:\/\/ndw-group.com\/nl\/wp-json\/wp\/v2\/product"}],"about":[{"href":"https:\/\/ndw-group.com\/nl\/wp-json\/wp\/v2\/types\/product"}],"version-history":[{"count":5,"href":"https:\/\/ndw-group.com\/nl\/wp-json\/wp\/v2\/product\/7443\/revisions"}],"predecessor-version":[{"id":8877,"href":"https:\/\/ndw-group.com\/nl\/wp-json\/wp\/v2\/product\/7443\/revisions\/8877"}],"wp:featuredmedia":[{"embeddable":true,"href":"https:\/\/ndw-group.com\/nl\/wp-json\/wp\/v2\/media\/7452"}],"wp:attachment":[{"href":"https:\/\/ndw-group.com\/nl\/wp-json\/wp\/v2\/media?parent=7443"}],"wp:term":[{"taxonomy":"category","embeddable":true,"href":"https:\/\/ndw-group.com\/nl\/wp-json\/wp\/v2\/categories?post=7443"}],"curies":[{"name":"wp","href":"https:\/\/api.w.org\/{rel}","templated":true}]}}